{"id":489,"date":"2021-05-18T15:49:41","date_gmt":"2021-05-18T12:49:41","guid":{"rendered":"https:\/\/mayanaconsulting.com\/?page_id=489"},"modified":"2021-05-18T20:10:14","modified_gmt":"2021-05-18T17:10:14","slug":"data-et-fidelisation","status":"publish","type":"page","link":"https:\/\/mayanaconsulting.com\/index.php\/data-et-fidelisation\/","title":{"rendered":"Data et Fid\u00e9lisation"},"content":{"rendered":"\t\t<div data-elementor-type=\"wp-page\" data-elementor-id=\"489\" class=\"elementor elementor-489\">\n\t\t\t\t\t\t<section class=\"elementor-section elementor-top-section elementor-element elementor-element-f4aa865 elementor-section-height-min-height elementor-section-stretched elementor-section-boxed elementor-section-height-default elementor-section-items-middle\" data-id=\"f4aa865\" data-element_type=\"section\" data-e-type=\"section\" data-settings=\"{&quot;background_background&quot;:&quot;classic&quot;,&quot;stretch_section&quot;:&quot;section-stretched&quot;,&quot;shape_divider_bottom&quot;:&quot;pyramids&quot;}\">\n\t\t\t\t\t\t\t<div class=\"elementor-background-overlay\"><\/div>\n\t\t\t\t\t\t<div class=\"elementor-shape elementor-shape-bottom\" aria-hidden=\"true\" data-negative=\"false\">\n\t\t\t<svg xmlns=\"http:\/\/www.w3.org\/2000\/svg\" viewBox=\"0 0 1000 100\" preserveAspectRatio=\"none\">\n\t<path class=\"elementor-shape-fill\" d=\"M761.9,44.1L643.1,27.2L333.8,98L0,3.8V0l1000,0v3.9\"\/>\n<\/svg>\t\t<\/div>\n\t\t\t\t\t<div class=\"elementor-container elementor-column-gap-default\">\n\t\t\t\t\t<div class=\"elementor-column elementor-col-100 elementor-top-column elementor-element elementor-element-b4bdca9\" data-id=\"b4bdca9\" data-element_type=\"column\" data-e-type=\"column\">\n\t\t\t<div class=\"elementor-widget-wrap elementor-element-populated\">\n\t\t\t\t\t\t<div class=\"elementor-element elementor-element-87a1458 animated-fast elementor-invisible elementor-widget elementor-widget-heading\" data-id=\"87a1458\" data-element_type=\"widget\" data-e-type=\"widget\" data-settings=\"{&quot;_animation&quot;:&quot;fadeInDown&quot;}\" data-widget_type=\"heading.default\">\n\t\t\t\t<div class=\"elementor-widget-container\">\n\t\t\t\t\t<h2 class=\"elementor-heading-title elementor-size-large\">Data et Fid\u00e9lisation<\/h2>\t\t\t\t<\/div>\n\t\t\t\t<\/div>\n\t\t\t\t<div class=\"elementor-element elementor-element-7b7f729 elementor-widget-divider--view-line elementor-widget elementor-widget-divider\" data-id=\"7b7f729\" data-element_type=\"widget\" data-e-type=\"widget\" data-widget_type=\"divider.default\">\n\t\t\t\t<div class=\"elementor-widget-container\">\n\t\t\t\t\t\t\t<div class=\"elementor-divider\">\n\t\t\t<span class=\"elementor-divider-separator\">\n\t\t\t\t\t\t<\/span>\n\t\t<\/div>\n\t\t\t\t\t\t<\/div>\n\t\t\t\t<\/div>\n\t\t\t\t<div class=\"elementor-element elementor-element-0f0571e elementor-invisible elementor-widget elementor-widget-heading\" data-id=\"0f0571e\" data-element_type=\"widget\" data-e-type=\"widget\" data-settings=\"{&quot;_animation&quot;:&quot;fadeInUp&quot;}\" data-widget_type=\"heading.default\">\n\t\t\t\t<div class=\"elementor-widget-container\">\n\t\t\t\t\t<p class=\"elementor-heading-title elementor-size-medium\">Pour fid\u00e9liser vos clients, apprenez \u00e0 les conna\u00eetre.<\/p>\t\t\t\t<\/div>\n\t\t\t\t<\/div>\n\t\t\t\t\t<\/div>\n\t\t<\/div>\n\t\t\t\t\t<\/div>\n\t\t<\/section>\n\t\t\t\t<section class=\"elementor-section elementor-top-section elementor-element elementor-element-1061a18 elementor-section-boxed elementor-section-height-default elementor-section-height-default\" data-id=\"1061a18\" data-element_type=\"section\" data-e-type=\"section\">\n\t\t\t\t\t\t<div class=\"elementor-container elementor-column-gap-default\">\n\t\t\t\t\t<div class=\"elementor-column elementor-col-50 elementor-top-column elementor-element elementor-element-b3c3a38\" data-id=\"b3c3a38\" data-element_type=\"column\" data-e-type=\"column\">\n\t\t\t<div class=\"elementor-widget-wrap elementor-element-populated\">\n\t\t\t\t\t\t<div class=\"elementor-element elementor-element-f943c5e elementor-invisible elementor-widget elementor-widget-image\" data-id=\"f943c5e\" data-element_type=\"widget\" data-e-type=\"widget\" data-settings=\"{&quot;_animation&quot;:&quot;fadeInLeft&quot;}\" data-widget_type=\"image.default\">\n\t\t\t\t<div class=\"elementor-widget-container\">\n\t\t\t\t\t\t\t\t\t\t\t\t\t\t\t<img fetchpriority=\"high\" decoding=\"async\" width=\"1080\" height=\"1080\" src=\"https:\/\/mayanaconsulting.com\/wp-content\/uploads\/2021\/05\/Data-et-fide\u0301lisation-schema-1080x1080-1.jpg\" class=\"attachment-full size-full wp-image-537\" alt=\"\" srcset=\"https:\/\/mayanaconsulting.com\/wp-content\/uploads\/2021\/05\/Data-et-fide\u0301lisation-schema-1080x1080-1.jpg 1080w, https:\/\/mayanaconsulting.com\/wp-content\/uploads\/2021\/05\/Data-et-fide\u0301lisation-schema-1080x1080-1-300x300.jpg 300w, https:\/\/mayanaconsulting.com\/wp-content\/uploads\/2021\/05\/Data-et-fide\u0301lisation-schema-1080x1080-1-1024x1024.jpg 1024w, https:\/\/mayanaconsulting.com\/wp-content\/uploads\/2021\/05\/Data-et-fide\u0301lisation-schema-1080x1080-1-150x150.jpg 150w, https:\/\/mayanaconsulting.com\/wp-content\/uploads\/2021\/05\/Data-et-fide\u0301lisation-schema-1080x1080-1-768x768.jpg 768w\" sizes=\"(max-width: 1080px) 100vw, 1080px\" \/>\t\t\t\t\t\t\t\t\t\t\t\t\t\t\t<\/div>\n\t\t\t\t<\/div>\n\t\t\t\t\t<\/div>\n\t\t<\/div>\n\t\t\t\t<div class=\"elementor-column elementor-col-50 elementor-top-column elementor-element elementor-element-ba23be3 elementor-invisible\" data-id=\"ba23be3\" data-element_type=\"column\" data-e-type=\"column\" data-settings=\"{&quot;animation&quot;:&quot;fadeInRight&quot;}\">\n\t\t\t<div class=\"elementor-widget-wrap elementor-element-populated\">\n\t\t\t\t\t\t<div class=\"elementor-element elementor-element-f5e575c elementor-widget elementor-widget-heading\" data-id=\"f5e575c\" data-element_type=\"widget\" data-e-type=\"widget\" data-widget_type=\"heading.default\">\n\t\t\t\t<div class=\"elementor-widget-container\">\n\t\t\t\t\t<h2 class=\"elementor-heading-title elementor-size-default\">Gr\u00e2ce au data storytelling,<\/h2>\t\t\t\t<\/div>\n\t\t\t\t<\/div>\n\t\t\t\t<div class=\"elementor-element elementor-element-6bc3992 elementor-widget elementor-widget-text-editor\" data-id=\"6bc3992\" data-element_type=\"widget\" data-e-type=\"widget\" data-widget_type=\"text-editor.default\">\n\t\t\t\t<div class=\"elementor-widget-container\">\n\t\t\t\t\t\t\t\t\t<p class=\"p2\">nous proposons l\u2019utilisation d\u2019un outil d\u2019aide \u00e0 la prise de d\u00e9cision au service des clients :<\/p>\t\t\t\t\t\t\t\t<\/div>\n\t\t\t\t<\/div>\n\t\t\t\t<div class=\"elementor-element elementor-element-c02c28f elementor-mobile-align-start elementor-icon-list--layout-traditional elementor-list-item-link-full_width elementor-widget elementor-widget-icon-list\" data-id=\"c02c28f\" data-element_type=\"widget\" data-e-type=\"widget\" data-widget_type=\"icon-list.default\">\n\t\t\t\t<div class=\"elementor-widget-container\">\n\t\t\t\t\t\t\t<ul class=\"elementor-icon-list-items\">\n\t\t\t\t\t\t\t<li class=\"elementor-icon-list-item\">\n\t\t\t\t\t\t\t\t\t\t\t<span class=\"elementor-icon-list-icon\">\n\t\t\t\t\t\t\t<i aria-hidden=\"true\" class=\"fas fa-lock\"><\/i>\t\t\t\t\t\t<\/span>\n\t\t\t\t\t\t\t\t\t\t<span class=\"elementor-icon-list-text\">Par l\u2019utilisation de donn\u00e9es s\u00e9curis\u00e9es<\/span>\n\t\t\t\t\t\t\t\t\t<\/li>\n\t\t\t\t\t\t\t\t<li class=\"elementor-icon-list-item\">\n\t\t\t\t\t\t\t\t\t\t\t<span class=\"elementor-icon-list-icon\">\n\t\t\t\t\t\t\t<i aria-hidden=\"true\" class=\"fas fa-check\"><\/i>\t\t\t\t\t\t<\/span>\n\t\t\t\t\t\t\t\t\t\t<span class=\"elementor-icon-list-text\">Pour gagner en efficacit\u00e9 et mieux g\u00e9rer les risques<\/span>\n\t\t\t\t\t\t\t\t\t<\/li>\n\t\t\t\t\t\t\t\t<li class=\"elementor-icon-list-item\">\n\t\t\t\t\t\t\t\t\t\t\t<span class=\"elementor-icon-list-icon\">\n\t\t\t\t\t\t\t<i aria-hidden=\"true\" class=\"fas fa-chart-line\"><\/i>\t\t\t\t\t\t<\/span>\n\t\t\t\t\t\t\t\t\t\t<span class=\"elementor-icon-list-text\">Pour am\u00e9liorer leur performance<\/span>\n\t\t\t\t\t\t\t\t\t<\/li>\n\t\t\t\t\t\t<\/ul>\n\t\t\t\t\t\t<\/div>\n\t\t\t\t<\/div>\n\t\t\t\t\t<\/div>\n\t\t<\/div>\n\t\t\t\t\t<\/div>\n\t\t<\/section>\n\t\t\t\t<section class=\"elementor-section elementor-top-section elementor-element elementor-element-47168e4 elementor-section-stretched elementor-section-boxed elementor-section-height-default elementor-section-height-default\" data-id=\"47168e4\" data-element_type=\"section\" data-e-type=\"section\" data-settings=\"{&quot;stretch_section&quot;:&quot;section-stretched&quot;,&quot;background_background&quot;:&quot;classic&quot;}\">\n\t\t\t\t\t\t\t<div class=\"elementor-background-overlay\"><\/div>\n\t\t\t\t\t\t\t<div class=\"elementor-container elementor-column-gap-default\">\n\t\t\t\t\t<div class=\"elementor-column elementor-col-50 elementor-top-column elementor-element elementor-element-9c54c4c\" data-id=\"9c54c4c\" data-element_type=\"column\" data-e-type=\"column\">\n\t\t\t<div class=\"elementor-widget-wrap elementor-element-populated\">\n\t\t\t\t\t\t<div class=\"elementor-element elementor-element-b8a0c44 elementor-invisible elementor-widget elementor-widget-video\" data-id=\"b8a0c44\" data-element_type=\"widget\" data-e-type=\"widget\" data-settings=\"{&quot;video_type&quot;:&quot;hosted&quot;,&quot;autoplay&quot;:&quot;yes&quot;,&quot;play_on_mobile&quot;:&quot;yes&quot;,&quot;_animation&quot;:&quot;fadeInLeft&quot;,&quot;controls&quot;:&quot;yes&quot;}\" data-widget_type=\"video.default\">\n\t\t\t\t<div class=\"elementor-widget-container\">\n\t\t\t\t\t\t\t<div class=\"e-hosted-video elementor-wrapper elementor-open-inline\">\n\t\t\t\t\t<video class=\"elementor-video\" src=\"https:\/\/mayanaconsulting.com\/wp-content\/uploads\/2021\/05\/Data-et-Fide\u0301lisation-3.mp4\" autoplay=\"\" controls=\"\" playsinline=\"\" controlsList=\"nodownload\" poster=\"https:\/\/mayanaconsulting.com\/wp-content\/uploads\/2021\/05\/Miniature-video-data-1080x1080-1.jpg\"><\/video>\n\t\t\t\t<\/div>\n\t\t\t\t\t\t<\/div>\n\t\t\t\t<\/div>\n\t\t\t\t\t<\/div>\n\t\t<\/div>\n\t\t\t\t<div class=\"elementor-column elementor-col-50 elementor-top-column elementor-element elementor-element-23f6f18\" data-id=\"23f6f18\" data-element_type=\"column\" data-e-type=\"column\">\n\t\t\t<div class=\"elementor-widget-wrap elementor-element-populated\">\n\t\t\t\t\t\t<div class=\"elementor-element elementor-element-cef658d elementor-invisible elementor-widget elementor-widget-text-editor\" data-id=\"cef658d\" data-element_type=\"widget\" data-e-type=\"widget\" data-settings=\"{&quot;_animation&quot;:&quot;fadeInDown&quot;}\" data-widget_type=\"text-editor.default\">\n\t\t\t\t<div class=\"elementor-widget-container\">\n\t\t\t\t\t\t\t\t\t<p class=\"p2\">Avec la data storytelling, nous vous aidons \u00e0 mieux interpr\u00e9ter les donn\u00e9es pour mieux d\u00e9cider et mieux anticiper.<\/p>\t\t\t\t\t\t\t\t<\/div>\n\t\t\t\t<\/div>\n\t\t\t\t<div class=\"elementor-element elementor-element-bd6e646 elementor-align-left elementor-mobile-align-center elementor-widget elementor-widget-button\" data-id=\"bd6e646\" data-element_type=\"widget\" data-e-type=\"widget\" data-widget_type=\"button.default\">\n\t\t\t\t<div class=\"elementor-widget-container\">\n\t\t\t\t\t\t\t\t\t<div class=\"elementor-button-wrapper\">\n\t\t\t\t\t<a class=\"elementor-button elementor-button-link elementor-size-sm\" href=\"https:\/\/mayanaconsulting.com\/index.php\/contact\/\">\n\t\t\t\t\t\t<span class=\"elementor-button-content-wrapper\">\n\t\t\t\t\t\t\t\t\t<span class=\"elementor-button-text\">Contactez nous<\/span>\n\t\t\t\t\t<\/span>\n\t\t\t\t\t<\/a>\n\t\t\t\t<\/div>\n\t\t\t\t\t\t\t\t<\/div>\n\t\t\t\t<\/div>\n\t\t\t\t<div class=\"elementor-element elementor-element-55c944d elementor-widget elementor-widget-spacer\" data-id=\"55c944d\" data-element_type=\"widget\" data-e-type=\"widget\" data-widget_type=\"spacer.default\">\n\t\t\t\t<div class=\"elementor-widget-container\">\n\t\t\t\t\t\t\t<div class=\"elementor-spacer\">\n\t\t\t<div class=\"elementor-spacer-inner\"><\/div>\n\t\t<\/div>\n\t\t\t\t\t\t<\/div>\n\t\t\t\t<\/div>\n\t\t\t\t\t<\/div>\n\t\t<\/div>\n\t\t\t\t\t<\/div>\n\t\t<\/section>\n\t\t\t\t<section class=\"elementor-section elementor-top-section elementor-element elementor-element-bbd2bb2 elementor-section-full_width elementor-section-height-min-height elementor-section-content-middle elementor-section-stretched elementor-section-height-default elementor-section-items-middle\" data-id=\"bbd2bb2\" data-element_type=\"section\" data-e-type=\"section\" data-settings=\"{&quot;stretch_section&quot;:&quot;section-stretched&quot;,&quot;background_background&quot;:&quot;classic&quot;}\">\n\t\t\t\t\t\t\t<div class=\"elementor-background-overlay\"><\/div>\n\t\t\t\t\t\t\t<div class=\"elementor-container elementor-column-gap-wider\">\n\t\t\t\t\t<div class=\"elementor-column elementor-col-100 elementor-top-column elementor-element elementor-element-eae1aca\" data-id=\"eae1aca\" data-element_type=\"column\" data-e-type=\"column\">\n\t\t\t<div class=\"elementor-widget-wrap\">\n\t\t\t\t\t\t\t<\/div>\n\t\t<\/div>\n\t\t\t\t\t<\/div>\n\t\t<\/section>\n\t\t\t\t<\/div>\n\t\t","protected":false},"excerpt":{"rendered":"<p>Data et Fid\u00e9lisation Pour fid\u00e9liser vos clients, apprenez \u00e0 les conna\u00eetre. Gr\u00e2ce au data storytelling, nous proposons l\u2019utilisation d\u2019un outil d\u2019aide \u00e0 la prise de d\u00e9cision au service des clients : Par l\u2019utilisation de donn\u00e9es s\u00e9curis\u00e9es Pour gagner en efficacit\u00e9 et mieux g\u00e9rer les risques Pour am\u00e9liorer leur performance https:\/\/mayanaconsulting.com\/wp-content\/uploads\/2021\/05\/Data-et-Fide\u0301lisation-3.mp4 Avec la data storytelling, nous [&hellip;]<\/p>\n","protected":false},"author":1,"featured_media":0,"parent":0,"menu_order":0,"comment_status":"closed","ping_status":"closed","template":"","meta":{"_monsterinsights_skip_tracking":false,"_monsterinsights_sitenote_active":false,"_monsterinsights_sitenote_note":"","_monsterinsights_sitenote_category":0,"ocean_post_layout":"","ocean_both_sidebars_style":"","ocean_both_sidebars_content_width":0,"ocean_both_sidebars_sidebars_width":0,"ocean_sidebar":"0","ocean_second_sidebar":"0","ocean_disable_margins":"on","ocean_add_body_class":"","ocean_shortcode_before_top_bar":"","ocean_shortcode_after_top_bar":"","ocean_shortcode_before_header":"","ocean_shortcode_after_header":"","ocean_has_shortcode":"","ocean_shortcode_after_title":"","ocean_shortcode_before_footer_widgets":"","ocean_shortcode_after_footer_widgets":"","ocean_shortcode_before_footer_bottom":"","ocean_shortcode_after_footer_bottom":"","ocean_display_top_bar":"off","ocean_display_header":"on","ocean_header_style":"","ocean_center_header_left_menu":"0","ocean_custom_header_template":"0","ocean_custom_logo":0,"ocean_custom_retina_logo":0,"ocean_custom_logo_max_width":0,"ocean_custom_logo_tablet_max_width":0,"ocean_custom_logo_mobile_max_width":0,"ocean_custom_logo_max_height":0,"ocean_custom_logo_tablet_max_height":0,"ocean_custom_logo_mobile_max_height":0,"ocean_header_custom_menu":"0","ocean_menu_typo_font_family":"0","ocean_menu_typo_font_subset":"","ocean_menu_typo_font_size":0,"ocean_menu_typo_font_size_tablet":0,"ocean_menu_typo_font_size_mobile":0,"ocean_menu_typo_font_size_unit":"px","ocean_menu_typo_font_weight":"","ocean_menu_typo_font_weight_tablet":"","ocean_menu_typo_font_weight_mobile":"","ocean_menu_typo_transform":"","ocean_menu_typo_transform_tablet":"","ocean_menu_typo_transform_mobile":"","ocean_menu_typo_line_height":0,"ocean_menu_typo_line_height_tablet":0,"ocean_menu_typo_line_height_mobile":0,"ocean_menu_typo_line_height_unit":"","ocean_menu_typo_spacing":0,"ocean_menu_typo_spacing_tablet":0,"ocean_menu_typo_spacing_mobile":0,"ocean_menu_typo_spacing_unit":"","ocean_menu_link_color":"","ocean_menu_link_color_hover":"","ocean_menu_link_color_active":"","ocean_menu_link_background":"","ocean_menu_link_hover_background":"","ocean_menu_link_active_background":"","ocean_menu_social_links_bg":"","ocean_menu_social_hover_links_bg":"","ocean_menu_social_links_color":"","ocean_menu_social_hover_links_color":"","ocean_disable_title":"on","ocean_disable_heading":"default","ocean_post_title":"","ocean_post_subheading":"","ocean_post_title_style":"","ocean_post_title_background_color":"","ocean_post_title_background":0,"ocean_post_title_bg_image_position":"","ocean_post_title_bg_image_attachment":"","ocean_post_title_bg_image_repeat":"","ocean_post_title_bg_image_size":"","ocean_post_title_height":0,"ocean_post_title_bg_overlay":0.5,"ocean_post_title_bg_overlay_color":"","ocean_disable_breadcrumbs":"default","ocean_breadcrumbs_color":"","ocean_breadcrumbs_separator_color":"","ocean_breadcrumbs_links_color":"","ocean_breadcrumbs_links_hover_color":"","ocean_display_footer_widgets":"off","ocean_display_footer_bottom":"off","ocean_custom_footer_template":"0","footnotes":""},"class_list":["post-489","page","type-page","status-publish","hentry","entry"],"yoast_head":"<!-- This site is optimized with the Yoast SEO plugin v27.2 - https:\/\/yoast.com\/product\/yoast-seo-wordpress\/ -->\n<title>Data et Fid\u00e9lisation<\/title>\n<meta name=\"description\" content=\"Agence de Big Data &amp; Marketing. sp\u00e9cialis\u00e9e dans l\u2019accompagnement des clients dans leur transformation li\u00e9e au traitement de l\u2019information autour de la gestion de leurs donn\u00e9es.\" \/>\n<meta name=\"robots\" content=\"index, follow, max-snippet:-1, max-image-preview:large, max-video-preview:-1\" \/>\n<link rel=\"canonical\" href=\"https:\/\/mayanaconsulting.com\/index.php\/data-et-fidelisation\/\" \/>\n<meta property=\"og:locale\" content=\"fr_FR\" \/>\n<meta property=\"og:type\" content=\"article\" \/>\n<meta property=\"og:title\" content=\"Data et Fid\u00e9lisation\" \/>\n<meta property=\"og:description\" content=\"Agence de Big Data &amp; Marketing. sp\u00e9cialis\u00e9e dans l\u2019accompagnement des clients dans leur transformation li\u00e9e au traitement de l\u2019information autour de la gestion de leurs donn\u00e9es.\" \/>\n<meta property=\"og:url\" content=\"https:\/\/mayanaconsulting.com\/index.php\/data-et-fidelisation\/\" \/>\n<meta property=\"og:site_name\" content=\"MAYANA CONSULTING\" \/>\n<meta property=\"article:publisher\" content=\"https:\/\/www.facebook.com\/MayanaConsulting\/\" \/>\n<meta property=\"article:modified_time\" content=\"2021-05-18T17:10:14+00:00\" \/>\n<meta property=\"og:image\" content=\"https:\/\/mayanaconsulting.com\/wp-content\/uploads\/2021\/05\/Data-et-fide\u0301lisation-schema-1080x1080-1.jpg\" \/>\n<meta name=\"twitter:card\" content=\"summary_large_image\" \/>\n<meta name=\"twitter:site\" content=\"@May_CONSULTING\" \/>\n<meta name=\"twitter:label1\" content=\"Dur\u00e9e de lecture estim\u00e9e\" \/>\n\t<meta name=\"twitter:data1\" content=\"1 minute\" \/>\n<script type=\"application\/ld+json\" class=\"yoast-schema-graph\">{\"@context\":\"https:\/\/schema.org\",\"@graph\":[{\"@type\":\"WebPage\",\"@id\":\"https:\/\/mayanaconsulting.com\/index.php\/data-et-fidelisation\/\",\"url\":\"https:\/\/mayanaconsulting.com\/index.php\/data-et-fidelisation\/\",\"name\":\"Data et Fid\u00e9lisation\",\"isPartOf\":{\"@id\":\"https:\/\/mayanaconsulting.com\/#website\"},\"datePublished\":\"2021-05-18T12:49:41+00:00\",\"dateModified\":\"2021-05-18T17:10:14+00:00\",\"description\":\"Agence de Big Data & Marketing. sp\u00e9cialis\u00e9e dans l\u2019accompagnement des clients dans leur transformation li\u00e9e au traitement de l\u2019information autour de la gestion de leurs donn\u00e9es.\",\"breadcrumb\":{\"@id\":\"https:\/\/mayanaconsulting.com\/index.php\/data-et-fidelisation\/#breadcrumb\"},\"inLanguage\":\"fr-FR\",\"potentialAction\":[{\"@type\":\"ReadAction\",\"target\":[\"https:\/\/mayanaconsulting.com\/index.php\/data-et-fidelisation\/\"]}]},{\"@type\":\"BreadcrumbList\",\"@id\":\"https:\/\/mayanaconsulting.com\/index.php\/data-et-fidelisation\/#breadcrumb\",\"itemListElement\":[{\"@type\":\"ListItem\",\"position\":1,\"name\":\"Accueil\",\"item\":\"https:\/\/mayanaconsulting.com\/\"},{\"@type\":\"ListItem\",\"position\":2,\"name\":\"Data et Fid\u00e9lisation\"}]},{\"@type\":\"WebSite\",\"@id\":\"https:\/\/mayanaconsulting.com\/#website\",\"url\":\"https:\/\/mayanaconsulting.com\/\",\"name\":\"MAYANA CONSULTING\",\"description\":\"La passion au services des pros !\",\"publisher\":{\"@id\":\"https:\/\/mayanaconsulting.com\/#organization\"},\"potentialAction\":[{\"@type\":\"SearchAction\",\"target\":{\"@type\":\"EntryPoint\",\"urlTemplate\":\"https:\/\/mayanaconsulting.com\/?s={search_term_string}\"},\"query-input\":{\"@type\":\"PropertyValueSpecification\",\"valueRequired\":true,\"valueName\":\"search_term_string\"}}],\"inLanguage\":\"fr-FR\"},{\"@type\":\"Organization\",\"@id\":\"https:\/\/mayanaconsulting.com\/#organization\",\"name\":\"MAYANA CONSULTING\",\"url\":\"https:\/\/mayanaconsulting.com\/\",\"logo\":{\"@type\":\"ImageObject\",\"inLanguage\":\"fr-FR\",\"@id\":\"https:\/\/mayanaconsulting.com\/#\/schema\/logo\/image\/\",\"url\":\"https:\/\/mayanaconsulting.com\/wp-content\/uploads\/2020\/03\/Mayana-consulting-logo-petit-format-V2-2.png\",\"contentUrl\":\"https:\/\/mayanaconsulting.com\/wp-content\/uploads\/2020\/03\/Mayana-consulting-logo-petit-format-V2-2.png\",\"width\":1191,\"height\":842,\"caption\":\"MAYANA CONSULTING\"},\"image\":{\"@id\":\"https:\/\/mayanaconsulting.com\/#\/schema\/logo\/image\/\"},\"sameAs\":[\"https:\/\/www.facebook.com\/MayanaConsulting\/\",\"https:\/\/x.com\/May_CONSULTING\",\"https:\/\/www.instagram.com\/mayana_consulting\/\",\"https:\/\/www.linkedin.com\/company\/mayana-consulting\/\"]}]}<\/script>\n<!-- \/ Yoast SEO plugin. -->","yoast_head_json":{"title":"Data et Fid\u00e9lisation","description":"Agence de Big Data & Marketing. sp\u00e9cialis\u00e9e dans l\u2019accompagnement des clients dans leur transformation li\u00e9e au traitement de l\u2019information autour de la gestion de leurs donn\u00e9es.","robots":{"index":"index","follow":"follow","max-snippet":"max-snippet:-1","max-image-preview":"max-image-preview:large","max-video-preview":"max-video-preview:-1"},"canonical":"https:\/\/mayanaconsulting.com\/index.php\/data-et-fidelisation\/","og_locale":"fr_FR","og_type":"article","og_title":"Data et Fid\u00e9lisation","og_description":"Agence de Big Data & Marketing. sp\u00e9cialis\u00e9e dans l\u2019accompagnement des clients dans leur transformation li\u00e9e au traitement de l\u2019information autour de la gestion de leurs donn\u00e9es.","og_url":"https:\/\/mayanaconsulting.com\/index.php\/data-et-fidelisation\/","og_site_name":"MAYANA CONSULTING","article_publisher":"https:\/\/www.facebook.com\/MayanaConsulting\/","article_modified_time":"2021-05-18T17:10:14+00:00","og_image":[{"url":"https:\/\/mayanaconsulting.com\/wp-content\/uploads\/2021\/05\/Data-et-fide\u0301lisation-schema-1080x1080-1.jpg","type":"","width":"","height":""}],"twitter_card":"summary_large_image","twitter_site":"@May_CONSULTING","twitter_misc":{"Dur\u00e9e de lecture estim\u00e9e":"1 minute"},"schema":{"@context":"https:\/\/schema.org","@graph":[{"@type":"WebPage","@id":"https:\/\/mayanaconsulting.com\/index.php\/data-et-fidelisation\/","url":"https:\/\/mayanaconsulting.com\/index.php\/data-et-fidelisation\/","name":"Data et Fid\u00e9lisation","isPartOf":{"@id":"https:\/\/mayanaconsulting.com\/#website"},"datePublished":"2021-05-18T12:49:41+00:00","dateModified":"2021-05-18T17:10:14+00:00","description":"Agence de Big Data & Marketing. sp\u00e9cialis\u00e9e dans l\u2019accompagnement des clients dans leur transformation li\u00e9e au traitement de l\u2019information autour de la gestion de leurs donn\u00e9es.","breadcrumb":{"@id":"https:\/\/mayanaconsulting.com\/index.php\/data-et-fidelisation\/#breadcrumb"},"inLanguage":"fr-FR","potentialAction":[{"@type":"ReadAction","target":["https:\/\/mayanaconsulting.com\/index.php\/data-et-fidelisation\/"]}]},{"@type":"BreadcrumbList","@id":"https:\/\/mayanaconsulting.com\/index.php\/data-et-fidelisation\/#breadcrumb","itemListElement":[{"@type":"ListItem","position":1,"name":"Accueil","item":"https:\/\/mayanaconsulting.com\/"},{"@type":"ListItem","position":2,"name":"Data et Fid\u00e9lisation"}]},{"@type":"WebSite","@id":"https:\/\/mayanaconsulting.com\/#website","url":"https:\/\/mayanaconsulting.com\/","name":"MAYANA CONSULTING","description":"La passion au services des pros !","publisher":{"@id":"https:\/\/mayanaconsulting.com\/#organization"},"potentialAction":[{"@type":"SearchAction","target":{"@type":"EntryPoint","urlTemplate":"https:\/\/mayanaconsulting.com\/?s={search_term_string}"},"query-input":{"@type":"PropertyValueSpecification","valueRequired":true,"valueName":"search_term_string"}}],"inLanguage":"fr-FR"},{"@type":"Organization","@id":"https:\/\/mayanaconsulting.com\/#organization","name":"MAYANA CONSULTING","url":"https:\/\/mayanaconsulting.com\/","logo":{"@type":"ImageObject","inLanguage":"fr-FR","@id":"https:\/\/mayanaconsulting.com\/#\/schema\/logo\/image\/","url":"https:\/\/mayanaconsulting.com\/wp-content\/uploads\/2020\/03\/Mayana-consulting-logo-petit-format-V2-2.png","contentUrl":"https:\/\/mayanaconsulting.com\/wp-content\/uploads\/2020\/03\/Mayana-consulting-logo-petit-format-V2-2.png","width":1191,"height":842,"caption":"MAYANA CONSULTING"},"image":{"@id":"https:\/\/mayanaconsulting.com\/#\/schema\/logo\/image\/"},"sameAs":["https:\/\/www.facebook.com\/MayanaConsulting\/","https:\/\/x.com\/May_CONSULTING","https:\/\/www.instagram.com\/mayana_consulting\/","https:\/\/www.linkedin.com\/company\/mayana-consulting\/"]}]}},"_links":{"self":[{"href":"https:\/\/mayanaconsulting.com\/index.php\/wp-json\/wp\/v2\/pages\/489","targetHints":{"allow":["GET"]}}],"collection":[{"href":"https:\/\/mayanaconsulting.com\/index.php\/wp-json\/wp\/v2\/pages"}],"about":[{"href":"https:\/\/mayanaconsulting.com\/index.php\/wp-json\/wp\/v2\/types\/page"}],"author":[{"embeddable":true,"href":"https:\/\/mayanaconsulting.com\/index.php\/wp-json\/wp\/v2\/users\/1"}],"replies":[{"embeddable":true,"href":"https:\/\/mayanaconsulting.com\/index.php\/wp-json\/wp\/v2\/comments?post=489"}],"version-history":[{"count":42,"href":"https:\/\/mayanaconsulting.com\/index.php\/wp-json\/wp\/v2\/pages\/489\/revisions"}],"predecessor-version":[{"id":636,"href":"https:\/\/mayanaconsulting.com\/index.php\/wp-json\/wp\/v2\/pages\/489\/revisions\/636"}],"wp:attachment":[{"href":"https:\/\/mayanaconsulting.com\/index.php\/wp-json\/wp\/v2\/media?parent=489"}],"curies":[{"name":"wp","href":"https:\/\/api.w.org\/{rel}","templated":true}]}}